{"id":9868,"date":"2024-06-05T19:17:25","date_gmt":"2024-06-05T19:17:25","guid":{"rendered":"https:\/\/sylt-quelle.de\/?page_id=9868"},"modified":"2025-04-30T09:43:35","modified_gmt":"2025-04-30T09:43:35","slug":"sylt-quelle-2025","status":"publish","type":"page","link":"https:\/\/sylt-quelle.de\/?page_id=9868","title":{"rendered":"Planung 2026"},"content":{"rendered":"<style type=\"text\/css\"> \n#cmsmasters_row_69f512ce0061f2_74694979 { \n\tbackground-color:#ffffff;\n} \n\n#cmsmasters_row_69f512ce0061f2_74694979 .cmsmasters_row_outer_parent { \n\tpadding-top: 70px; \n} \n\n#cmsmasters_row_69f512ce0061f2_74694979 .cmsmasters_row_outer_parent { \n\tpadding-bottom: 0px; \n} \n\n \n#cmsmasters_row_69f512ce007363_58660224 { \n\tbackground-color:#ffffff;\n} \n\n#cmsmasters_row_69f512ce007363_58660224 .cmsmasters_row_outer_parent { \n\tpadding-top: 30px; \n} \n\n#cmsmasters_row_69f512ce007363_58660224 .cmsmasters_row_outer_parent { \n\tpadding-bottom: 70px; \n} \n\n \n#cmsmasters_divider_69f512ce009e60_40040802 { \n\tborder-bottom-width:1px; \n\tborder-bottom-style:solid; \n\tpadding-top:50px; \n\tmargin-bottom:50px; \n} \n \n#cmsmasters_divider_69f512ce00a1c7_45382406 { \n\tborder-bottom-width:1px; \n\tborder-bottom-style:solid; \n\tpadding-top:50px; \n\tmargin-bottom:50px; \n} \n \n#cmsmasters_row_69f512ce00b182_68773739 { \n\tbackground-color:#ffffff;\n} \n\n#cmsmasters_row_69f512ce00b182_68773739 .cmsmasters_row_outer_parent { \n\tpadding-top: 30px; \n} \n\n#cmsmasters_row_69f512ce00b182_68773739 .cmsmasters_row_outer_parent { \n\tpadding-bottom: 70px; \n} \n\n \n#cmsmasters_row_69f512ce00c549_27504398 { \n\tbackground-color:#ffffff;\n} \n\n#cmsmasters_row_69f512ce00c549_27504398 .cmsmasters_row_outer_parent { \n\tpadding-top: 30px; \n} \n\n#cmsmasters_row_69f512ce00c549_27504398 .cmsmasters_row_outer_parent { \n\tpadding-bottom: 70px; \n} \n\n \n#cmsmasters_row_69f512ce00ce15_11855994 .cmsmasters_row_outer_parent { \n\tpadding-top: 0px; \n} \n\n#cmsmasters_row_69f512ce00ce15_11855994 .cmsmasters_row_outer_parent { \n\tpadding-bottom: 0px; \n} \n\n#cmsmasters_row_69f512ce00ce15_11855994 .cmsmasters_row_inner.cmsmasters_row_fullwidth { \n\tpadding-left:0%; \n} \n#cmsmasters_row_69f512ce00ce15_11855994 .cmsmasters_row_inner.cmsmasters_row_fullwidth { \n\tpadding-right:0%; \n} \n \n#cmsmasters_divider_69f512ce00d5b5_32569553 { \n\tborder-bottom-width:1px; \n\tborder-bottom-style:solid; \n\tpadding-top:0px; \n\tmargin-bottom:0px; \n} \n<\/style><div id=\"cmsmasters_row_69f512ce0061f2_74694979\" class=\"cmsmasters_row cmsmasters_color_scheme_default cmsmasters_row_top_default cmsmasters_row_bot_default cmsmasters_row_boxed\">\n<div class=\"cmsmasters_row_outer_parent\">\n<div class=\"cmsmasters_row_outer\">\n<div class=\"cmsmasters_row_inner\">\n<div class=\"cmsmasters_row_margin\">\n<div class=\"cmsmasters_column one_first\">\n<div class=\"cmsmasters_text\">\n<h3 style=\"text-align: center;\"><span style=\"font-size: 24pt; line-height: 32pt; font-weight: bold;\">SYLT QUELLE\u00a0 \u00a0<span style=\"font-weight: 100;\">PLANUNG 2026<\/span><\/span><\/h3>\n<\/div>\n<\/div>\n<\/div>\n<\/div>\n<\/div>\n<\/div>\n<\/div>\n<div id=\"cmsmasters_row_69f512ce007363_58660224\" class=\"cmsmasters_row cmsmasters_color_scheme_default cmsmasters_row_top_default cmsmasters_row_bot_default cmsmasters_row_boxed\">\n<div class=\"cmsmasters_row_outer_parent\">\n<div class=\"cmsmasters_row_outer\">\n<div class=\"cmsmasters_row_inner\">\n<div class=\"cmsmasters_row_margin\">\n<div class=\"cmsmasters_column one_fourth\">\n<div class=\"aligncenter\">\n<div class=\"cmsmasters_img  cmsmasters_image_c\">\n<img decoding=\"async\" src=\"https:\/\/sylt-quelle.de\/wp-content\/uploads\/2024\/04\/HEE-I.jpg\" \/>\n<\/div>\n<\/div>\n<\/div>\n<div class=\"cmsmasters_column one_half\">\n<div class=\"aligncenter\">\n<div class=\"cmsmasters_img  cmsmasters_image_c\">\n<img decoding=\"async\" src=\"https:\/\/sylt-quelle.de\/wp-content\/uploads\/2024\/06\/PE-Syltquelle-V12-Rendering-1b-1024x576.jpg\" \/>\n<\/div>\n<\/div>\n\n<div id=\"cmsmasters_divider_69f512ce009e60_40040802\" class=\"cmsmasters_divider cmsmasters_divider_width_long cmsmasters_divider_pos_center\"><\/div>\n<div class=\"cmsmasters_text\">\n<p>Die Neuordnung der bestehenden Aktivit\u00e4ten und die Erweiterung auf Nutzungen des Gewerbegebiets \u201eRantumer Hafen\u201c auf das Areal der Sylt Quelle, erm\u00f6glicht die Schaffung von vielen Chancen f\u00fcr jetzt und zuk\u00fcnftig auf Sylt Wohnende.<\/p>\n<p>Nicht nur die Kombination von Gastronomie, Veranstaltungen, Kultur und Getr\u00e4nke auf der einen und CoWorking, B\u00fcro- &amp; Besprechungsr\u00e4ume und Gewerbefl\u00e4chen auf der anderen Seite erg\u00e4nzen sich jeweils, sondern sie bereichern sich auch gegenseitig.<\/p>\n<p>In diesem Rahmen wollen wir die M\u00f6glichkeiten lokaler Stromerzeugung nutzen. Im Projekt ist au\u00dferdem die Schaffung von neuen Betriebswohnungen vorgesehen.<\/p>\n<p>Die Gemeinde hat im April 2025 den Aufstellungsbeschluss gefasst. Wir schauen optimistisch in die Zukunft.<\/p>\n<\/div>\n\n\n<div id=\"cmsmasters_divider_69f512ce00a1c7_45382406\" class=\"cmsmasters_divider cmsmasters_divider_width_long cmsmasters_divider_pos_center\"><\/div>\n<div class=\"aligncenter\">\n<div class=\"cmsmasters_img  cmsmasters_image_c\">\n<img decoding=\"async\" src=\"https:\/\/sylt-quelle.de\/wp-content\/uploads\/2024\/06\/PE-Syltquelle-V11-Rendering-5b-1024x576.jpg\" \/>\n<\/div>\n<\/div>\n<\/div>\n<div class=\"cmsmasters_column one_fourth\">\n<div class=\"aligncenter\">\n<div class=\"cmsmasters_img  cmsmasters_image_c\">\n<img decoding=\"async\" src=\"https:\/\/sylt-quelle.de\/wp-content\/uploads\/2024\/04\/HEE-I.jpg\" \/>\n<\/div>\n<\/div>\n<\/div>\n<\/div>\n<\/div>\n<\/div>\n<\/div>\n<\/div>\n<div id=\"cmsmasters_row_69f512ce00b182_68773739\" class=\"cmsmasters_row cmsmasters_color_scheme_default cmsmasters_row_top_default cmsmasters_row_bot_default cmsmasters_row_boxed\">\n<div class=\"cmsmasters_row_outer_parent\">\n<div class=\"cmsmasters_row_outer\">\n<div class=\"cmsmasters_row_inner\">\n<div class=\"cmsmasters_row_margin\">\n<div class=\"cmsmasters_column one_half\">\n<div class=\"aligncenter\">\n<div class=\"cmsmasters_img  cmsmasters_image_c\">\n<img decoding=\"async\" src=\"https:\/\/sylt-quelle.de\/wp-content\/uploads\/2024\/06\/PE-Syltquelle-V10-Rendering-2b-1024x576.jpg\" \/>\n<\/div>\n<\/div>\n<\/div>\n<div class=\"cmsmasters_column one_half\">\n<div class=\"aligncenter\">\n<div class=\"cmsmasters_img  cmsmasters_image_c\">\n<img decoding=\"async\" src=\"https:\/\/sylt-quelle.de\/wp-content\/uploads\/2024\/06\/PE-Syltquelle-V10-Rendering-3b-1024x576.jpg\" \/>\n<\/div>\n<\/div>\n<\/div>\n<\/div>\n<\/div>\n<\/div>\n<\/div>\n<\/div>\n<div id=\"cmsmasters_row_69f512ce00c549_27504398\" class=\"cmsmasters_row cmsmasters_color_scheme_default cmsmasters_row_top_default cmsmasters_row_bot_default cmsmasters_row_boxed\">\n<div class=\"cmsmasters_row_outer_parent\">\n<div class=\"cmsmasters_row_outer\">\n<div class=\"cmsmasters_row_inner\">\n<div class=\"cmsmasters_row_margin\">\n<div class=\"cmsmasters_column one_fourth\">\n<\/div>\n<div class=\"cmsmasters_column one_half\">\n<div class=\"aligncenter\">\n<div class=\"cmsmasters_img  cmsmasters_image_c\">\n<img decoding=\"async\" src=\"https:\/\/sylt-quelle.de\/wp-content\/uploads\/2024\/06\/PE-Syltquelle-V9-Rendering-2b-1024x576.jpg\" \/>\n<\/div>\n<\/div>\n<\/div>\n<div class=\"cmsmasters_column one_fourth\">\n<\/div>\n<\/div>\n<\/div>\n<\/div>\n<\/div>\n<\/div>\n<div id=\"cmsmasters_row_69f512ce00ce15_11855994\" class=\"cmsmasters_row cmsmasters_color_scheme_default cmsmasters_row_top_default cmsmasters_row_bot_default cmsmasters_row_fullwidth\">\n<div class=\"cmsmasters_row_outer_parent\">\n<div class=\"cmsmasters_row_outer\">\n<div class=\"cmsmasters_row_inner cmsmasters_row_fullwidth\">\n<div class=\"cmsmasters_row_margin\">\n<div class=\"cmsmasters_column one_first\">\n\n<div id=\"cmsmasters_divider_69f512ce00d5b5_32569553\" class=\"cmsmasters_divider cmsmasters_divider_width_long cmsmasters_divider_pos_center\"><\/div>\n<\/div>\n<\/div>\n<\/div>\n<\/div>\n<\/div>\n<\/div>\n\n","protected":false},"excerpt":{"rendered":"","protected":false},"author":2,"featured_media":0,"parent":0,"menu_order":0,"comment_status":"closed","ping_status":"closed","template":"","meta":{"footnotes":""},"class_list":["post-9868","page","type-page","status-publish","hentry"],"yoast_head":"<!-- This site is optimized with the Yoast SEO plugin v25.9 - https:\/\/yoast.com\/wordpress\/plugins\/seo\/ -->\n<title>Planung 2026 - Sylt Quelle<\/title>\n<meta name=\"robots\" content=\"index, follow, max-snippet:-1, max-image-preview:large, max-video-preview:-1\" \/>\n<link rel=\"canonical\" href=\"https:\/\/sylt-quelle.de\/?page_id=9868\" \/>\n<meta property=\"og:locale\" content=\"de_DE\" \/>\n<meta property=\"og:type\" content=\"article\" \/>\n<meta property=\"og:title\" content=\"Planung 2026 - Sylt Quelle\" \/>\n<meta property=\"og:url\" content=\"https:\/\/sylt-quelle.de\/?page_id=9868\" \/>\n<meta property=\"og:site_name\" content=\"Sylt Quelle\" \/>\n<meta property=\"article:modified_time\" content=\"2025-04-30T09:43:35+00:00\" \/>\n<meta name=\"twitter:card\" content=\"summary_large_image\" \/>\n<meta name=\"twitter:label1\" content=\"Gesch\u00e4tzte Lesezeit\" \/>\n\t<meta name=\"twitter:data1\" content=\"1\u00a0Minute\" \/>\n<script type=\"application\/ld+json\" class=\"yoast-schema-graph\">{\"@context\":\"https:\/\/schema.org\",\"@graph\":[{\"@type\":\"WebPage\",\"@id\":\"https:\/\/sylt-quelle.de\/?page_id=9868\",\"url\":\"https:\/\/sylt-quelle.de\/?page_id=9868\",\"name\":\"Planung 2026 - Sylt Quelle\",\"isPartOf\":{\"@id\":\"https:\/\/sylt-quelle.de\/#website\"},\"datePublished\":\"2024-06-05T19:17:25+00:00\",\"dateModified\":\"2025-04-30T09:43:35+00:00\",\"breadcrumb\":{\"@id\":\"https:\/\/sylt-quelle.de\/?page_id=9868#breadcrumb\"},\"inLanguage\":\"de\",\"potentialAction\":[{\"@type\":\"ReadAction\",\"target\":[\"https:\/\/sylt-quelle.de\/?page_id=9868\"]}]},{\"@type\":\"BreadcrumbList\",\"@id\":\"https:\/\/sylt-quelle.de\/?page_id=9868#breadcrumb\",\"itemListElement\":[{\"@type\":\"ListItem\",\"position\":1,\"name\":\"Startseite\",\"item\":\"https:\/\/sylt-quelle.de\/\"},{\"@type\":\"ListItem\",\"position\":2,\"name\":\"Planung 2026\"}]},{\"@type\":\"WebSite\",\"@id\":\"https:\/\/sylt-quelle.de\/#website\",\"url\":\"https:\/\/sylt-quelle.de\/\",\"name\":\"Sylt Quelle\",\"description\":\"\",\"potentialAction\":[{\"@type\":\"SearchAction\",\"target\":{\"@type\":\"EntryPoint\",\"urlTemplate\":\"https:\/\/sylt-quelle.de\/?s={search_term_string}\"},\"query-input\":{\"@type\":\"PropertyValueSpecification\",\"valueRequired\":true,\"valueName\":\"search_term_string\"}}],\"inLanguage\":\"de\"}]}<\/script>\n<!-- \/ Yoast SEO plugin. -->","yoast_head_json":{"title":"Planung 2026 - Sylt Quelle","robots":{"index":"index","follow":"follow","max-snippet":"max-snippet:-1","max-image-preview":"max-image-preview:large","max-video-preview":"max-video-preview:-1"},"canonical":"https:\/\/sylt-quelle.de\/?page_id=9868","og_locale":"de_DE","og_type":"article","og_title":"Planung 2026 - Sylt Quelle","og_url":"https:\/\/sylt-quelle.de\/?page_id=9868","og_site_name":"Sylt Quelle","article_modified_time":"2025-04-30T09:43:35+00:00","twitter_card":"summary_large_image","twitter_misc":{"Gesch\u00e4tzte Lesezeit":"1\u00a0Minute"},"schema":{"@context":"https:\/\/schema.org","@graph":[{"@type":"WebPage","@id":"https:\/\/sylt-quelle.de\/?page_id=9868","url":"https:\/\/sylt-quelle.de\/?page_id=9868","name":"Planung 2026 - Sylt Quelle","isPartOf":{"@id":"https:\/\/sylt-quelle.de\/#website"},"datePublished":"2024-06-05T19:17:25+00:00","dateModified":"2025-04-30T09:43:35+00:00","breadcrumb":{"@id":"https:\/\/sylt-quelle.de\/?page_id=9868#breadcrumb"},"inLanguage":"de","potentialAction":[{"@type":"ReadAction","target":["https:\/\/sylt-quelle.de\/?page_id=9868"]}]},{"@type":"BreadcrumbList","@id":"https:\/\/sylt-quelle.de\/?page_id=9868#breadcrumb","itemListElement":[{"@type":"ListItem","position":1,"name":"Startseite","item":"https:\/\/sylt-quelle.de\/"},{"@type":"ListItem","position":2,"name":"Planung 2026"}]},{"@type":"WebSite","@id":"https:\/\/sylt-quelle.de\/#website","url":"https:\/\/sylt-quelle.de\/","name":"Sylt Quelle","description":"","potentialAction":[{"@type":"SearchAction","target":{"@type":"EntryPoint","urlTemplate":"https:\/\/sylt-quelle.de\/?s={search_term_string}"},"query-input":{"@type":"PropertyValueSpecification","valueRequired":true,"valueName":"search_term_string"}}],"inLanguage":"de"}]}},"_links":{"self":[{"href":"https:\/\/sylt-quelle.de\/index.php?rest_route=\/wp\/v2\/pages\/9868","targetHints":{"allow":["GET"]}}],"collection":[{"href":"https:\/\/sylt-quelle.de\/index.php?rest_route=\/wp\/v2\/pages"}],"about":[{"href":"https:\/\/sylt-quelle.de\/index.php?rest_route=\/wp\/v2\/types\/page"}],"author":[{"embeddable":true,"href":"https:\/\/sylt-quelle.de\/index.php?rest_route=\/wp\/v2\/users\/2"}],"replies":[{"embeddable":true,"href":"https:\/\/sylt-quelle.de\/index.php?rest_route=%2Fwp%2Fv2%2Fcomments&post=9868"}],"version-history":[{"count":11,"href":"https:\/\/sylt-quelle.de\/index.php?rest_route=\/wp\/v2\/pages\/9868\/revisions"}],"predecessor-version":[{"id":9931,"href":"https:\/\/sylt-quelle.de\/index.php?rest_route=\/wp\/v2\/pages\/9868\/revisions\/9931"}],"wp:attachment":[{"href":"https:\/\/sylt-quelle.de\/index.php?rest_route=%2Fwp%2Fv2%2Fmedia&parent=9868"}],"curies":[{"name":"wp","href":"https:\/\/api.w.org\/{rel}","templated":true}]}}